{"id":227966,"date":"2024-05-15T14:35:50","date_gmt":"2024-05-15T12:35:50","guid":{"rendered":"https:\/\/way-partner.com\/?page_id=227966"},"modified":"2025-05-13T16:35:40","modified_gmt":"2025-05-13T14:35:40","slug":"personal-data","status":"publish","type":"page","link":"https:\/\/way-partner.com\/en\/donnees-personnelles\/","title":{"rendered":"Personal data"},"content":{"rendered":"\t\t<div data-elementor-type=\"wp-page\" data-elementor-id=\"227966\" class=\"elementor elementor-227966\" data-elementor-post-type=\"page\">\n\t\t\t\t<div class=\"elementor-element elementor-element-afe8988 e-flex e-con-boxed e-con e-parent\" data-id=\"afe8988\" data-element_type=\"container\" data-e-type=\"container\">\n\t\t\t\t\t<div class=\"e-con-inner\">\n\t\t<div class=\"elementor-element elementor-element-7281639 e-con-full e-flex e-con e-child\" data-id=\"7281639\" data-element_type=\"container\" data-e-type=\"container\">\n\t\t\t\t<div class=\"elementor-element elementor-element-087c69a elementor-widget elementor-widget-heading\" data-id=\"087c69a\" data-element_type=\"widget\" data-e-type=\"widget\" data-widget_type=\"heading.default\">\n\t\t\t\t<div class=\"elementor-widget-container\">\n\t\t\t\t\t<h1 class=\"elementor-heading-title elementor-size-default\">Donn\u00e9es personnelles<\/h1>\t\t\t\t<\/div>\n\t\t\t\t<\/div>\n\t\t\t\t<div class=\"elementor-element elementor-element-3861a88 elementor-widget elementor-widget-text-editor\" data-id=\"3861a88\" data-element_type=\"widget\" data-e-type=\"widget\" data-widget_type=\"text-editor.default\">\n\t\t\t\t<div class=\"elementor-widget-container\">\n\t\t\t\t\t\t\t\t\t<p>Vous pouvez demander un acc\u00e8s ou la suppression de vos donn\u00e9es personnelles li\u00e9es \u00e0 votre utilisation de WAY-Partner \u00e0 tout moment.<\/p>\t\t\t\t\t\t\t\t<\/div>\n\t\t\t\t<\/div>\n\t\t<div class=\"elementor-element elementor-element-16442d8 e-flex e-con-boxed e-con e-child\" data-id=\"16442d8\" data-element_type=\"container\" data-e-type=\"container\">\n\t\t\t\t\t<div class=\"e-con-inner\">\n\t\t<div class=\"elementor-element elementor-element-7c26f88 e-con-full e-flex e-con e-child\" data-id=\"7c26f88\" data-element_type=\"container\" data-e-type=\"container\">\n\t\t\t\t<div class=\"elementor-element elementor-element-05e0d21 elementor-widget elementor-widget-heading\" data-id=\"05e0d21\" data-element_type=\"widget\" data-e-type=\"widget\" data-widget_type=\"heading.default\">\n\t\t\t\t<div class=\"elementor-widget-container\">\n\t\t\t\t\t<h2 class=\"elementor-heading-title elementor-size-default\">A propos de vos donn\u00e9es<\/h2>\t\t\t\t<\/div>\n\t\t\t\t<\/div>\n\t\t\t\t<div class=\"elementor-element elementor-element-dc036c7 elementor-widget elementor-widget-heading\" data-id=\"dc036c7\" data-element_type=\"widget\" data-e-type=\"widget\" data-widget_type=\"heading.default\">\n\t\t\t\t<div class=\"elementor-widget-container\">\n\t\t\t\t\t<h2 class=\"elementor-heading-title elementor-size-default\">Cat\u00e9gories de donn\u00e9es trait\u00e9es et source<\/h2>\t\t\t\t<\/div>\n\t\t\t\t<\/div>\n\t\t\t\t<div class=\"elementor-element elementor-element-ec2052f elementor-widget elementor-widget-text-editor\" data-id=\"ec2052f\" data-element_type=\"widget\" data-e-type=\"widget\" data-widget_type=\"text-editor.default\">\n\t\t\t\t<div class=\"elementor-widget-container\">\n\t\t\t\t\t\t\t\t\tL\u2019utilisation des fonctionnalit\u00e9s requiert la cr\u00e9ation d\u2019un compte utilisateur ainsi que la collecte de donn\u00e9es \u00e0 caract\u00e8re personnel concernant l\u2019utilisateur et notamment :\n<ul>\n \t<li>Les donn\u00e9es li\u00e9es au profil utilisateur : nom, pr\u00e9nom, num\u00e9ro de t\u00e9l\u00e9phone, adresse m\u00e9l<\/li>\n \t<li>Informations de paiement et bancaires, type de v\u00e9hicule<\/li>\n \t<li>Contenu fourni par les Utilisateurs<\/li>\n<\/ul>\nCes donn\u00e9es ont \u00e9t\u00e9 directement communiqu\u00e9es par l\u2019utilisateur.\t\t\t\t\t\t\t\t<\/div>\n\t\t\t\t<\/div>\n\t\t\t\t<div class=\"elementor-element elementor-element-7cfd36d elementor-widget elementor-widget-heading\" data-id=\"7cfd36d\" data-element_type=\"widget\" data-e-type=\"widget\" data-widget_type=\"heading.default\">\n\t\t\t\t<div class=\"elementor-widget-container\">\n\t\t\t\t\t<h2 class=\"elementor-heading-title elementor-size-default\">Finalit\u00e9s du traitement<\/h2>\t\t\t\t<\/div>\n\t\t\t\t<\/div>\n\t\t\t\t<div class=\"elementor-element elementor-element-e98f75b elementor-widget elementor-widget-text-editor\" data-id=\"e98f75b\" data-element_type=\"widget\" data-e-type=\"widget\" data-widget_type=\"text-editor.default\">\n\t\t\t\t<div class=\"elementor-widget-container\">\n\t\t\t\t\t\t\t\t\tCe traitement a pour principales finalit\u00e9s :\n<ul>\n \t<li>la cr\u00e9ation du compte WAY-Partner, l\u2019authentification, l\u2019activation, la gestion et l\u2019administration du compte ;<\/li>\n \t<li>La facturation des abonnements ;<\/li>\n \t<li>la d\u00e9tection des anomalies lors de l\u2019utilisation des Services ;<\/li>\n \t<li>l\u2019\u00e9valuation et la notation de l\u2019activit\u00e9 des utilisateurs selon les crit\u00e8res de qualit\u00e9 WAYNIUM ;<\/li>\n \t<li>l\u2019assistance des Utilisateurs ;<\/li>\n \t<li>La gestion et le suivi de l\u2019utilisation de la plateforme collaborative Way Corp ;<\/li>\n \t<li>L\u2019envoi des communications \u00e0 vis\u00e9e marketing.<\/li>\n<\/ul>\t\t\t\t\t\t\t\t<\/div>\n\t\t\t\t<\/div>\n\t\t\t\t<div class=\"elementor-element elementor-element-0dd6f58 elementor-widget elementor-widget-heading\" data-id=\"0dd6f58\" data-element_type=\"widget\" data-e-type=\"widget\" data-widget_type=\"heading.default\">\n\t\t\t\t<div class=\"elementor-widget-container\">\n\t\t\t\t\t<h2 class=\"elementor-heading-title elementor-size-default\">Bases juridiques des traitements<\/h2>\t\t\t\t<\/div>\n\t\t\t\t<\/div>\n\t\t\t\t<div class=\"elementor-element elementor-element-10eb6e6 elementor-widget elementor-widget-text-editor\" data-id=\"10eb6e6\" data-element_type=\"widget\" data-e-type=\"widget\" data-widget_type=\"text-editor.default\">\n\t\t\t\t<div class=\"elementor-widget-container\">\n\t\t\t\t\t\t\t\t\t<p>Les traitements ayant pour finalit\u00e9s la cr\u00e9ation du compte WAY-Partner, l\u2019authentification, l\u2019activation, la gestion et l\u2019administration du compte ; la facturation des abonnements ; la d\u00e9tection des anomalies ; l\u2019assistance des Utilisateurs sont n\u00e9cessaires \u00e0 l\u2019ex\u00e9cution des pr\u00e9sentes, la gestion et l\u2019utilisation de la plateforme collaborative Way Corp.<\/p><p>Les traitements ayant pour finalit\u00e9s l\u2019\u00e9valuation et la notation de l\u2019activit\u00e9 des utilisateurs selon les crit\u00e8res de qualit\u00e9 WAYNIUM et l\u2019envoi de communications \u00e0 vis\u00e9e marketing sont fond\u00e9s sur l\u2019int\u00e9r\u00eat l\u00e9gitime de WAYNIUM.<\/p>\t\t\t\t\t\t\t\t<\/div>\n\t\t\t\t<\/div>\n\t\t\t\t<div class=\"elementor-element elementor-element-512f7ac elementor-widget elementor-widget-heading\" data-id=\"512f7ac\" data-element_type=\"widget\" data-e-type=\"widget\" data-widget_type=\"heading.default\">\n\t\t\t\t<div class=\"elementor-widget-container\">\n\t\t\t\t\t<h2 class=\"elementor-heading-title elementor-size-default\">Destinataires des donn\u00e9es<\/h2>\t\t\t\t<\/div>\n\t\t\t\t<\/div>\n\t\t\t\t<div class=\"elementor-element elementor-element-2b59595 elementor-widget elementor-widget-text-editor\" data-id=\"2b59595\" data-element_type=\"widget\" data-e-type=\"widget\" data-widget_type=\"text-editor.default\">\n\t\t\t\t<div class=\"elementor-widget-container\">\n\t\t\t\t\t\t\t\t\tLes destinataires de ces donn\u00e9es sont les seuls personnels habilit\u00e9s et les sous-traitants de WAYNIUM dans la limite de leurs fonctions.\n\nSont destinataires au sein de WAYNIUM :\n<ul>\n \t<li>Le support utilisateur ;<\/li>\n \t<li>Le service technique.<\/li>\n<\/ul>\nLes prestataires ayant acc\u00e8s aux donn\u00e9es sont les suivants :\n<ul>\n \t<li>Les prestataires de services participant au d\u00e9veloppement des programmes<\/li>\n \t<li>Les prestataires de services contribuant au maintien et \u00e0 la p\u00e9rennisation des infrastructures techniques sur lesquelles les programmes sont h\u00e9berg\u00e9s<\/li>\n<\/ul>\t\t\t\t\t\t\t\t<\/div>\n\t\t\t\t<\/div>\n\t\t\t\t<div class=\"elementor-element elementor-element-d2da078 elementor-widget elementor-widget-heading\" data-id=\"d2da078\" data-element_type=\"widget\" data-e-type=\"widget\" data-widget_type=\"heading.default\">\n\t\t\t\t<div class=\"elementor-widget-container\">\n\t\t\t\t\t<h2 class=\"elementor-heading-title elementor-size-default\">Transfert hors UE<\/h2>\t\t\t\t<\/div>\n\t\t\t\t<\/div>\n\t\t\t\t<div class=\"elementor-element elementor-element-4025908 elementor-widget elementor-widget-text-editor\" data-id=\"4025908\" data-element_type=\"widget\" data-e-type=\"widget\" data-widget_type=\"text-editor.default\">\n\t\t\t\t<div class=\"elementor-widget-container\">\n\t\t\t\t\t\t\t\t\t<p>WAYNIUM ne r\u00e9alise pas de transfert des donn\u00e9es en dehors de l\u2019Union europ\u00e9enne ou vers une organisation internationale.<\/p>\t\t\t\t\t\t\t\t<\/div>\n\t\t\t\t<\/div>\n\t\t\t\t<div class=\"elementor-element elementor-element-56add6c elementor-widget elementor-widget-heading\" data-id=\"56add6c\" data-element_type=\"widget\" data-e-type=\"widget\" data-widget_type=\"heading.default\">\n\t\t\t\t<div class=\"elementor-widget-container\">\n\t\t\t\t\t<h2 class=\"elementor-heading-title elementor-size-default\">Conservation des donn\u00e9es<\/h2>\t\t\t\t<\/div>\n\t\t\t\t<\/div>\n\t\t\t\t<div class=\"elementor-element elementor-element-44b1e8d elementor-widget elementor-widget-text-editor\" data-id=\"44b1e8d\" data-element_type=\"widget\" data-e-type=\"widget\" data-widget_type=\"text-editor.default\">\n\t\t\t\t<div class=\"elementor-widget-container\">\n\t\t\t\t\t\t\t\t\t<p>WAYNIUM s\u2019engage \u00e0 ne pas conserver les donn\u00e9es \u00e0 caract\u00e8re personnel au-del\u00e0 de la dur\u00e9e de conservation fix\u00e9e au regard des finalit\u00e9s pour lesquelles elles ont \u00e9t\u00e9 collect\u00e9es :<\/p><p>Les dur\u00e9es suivantes sont appliqu\u00e9es : 3 mois apr\u00e8s fermeture du compte client<\/p><p>Des dur\u00e9es de conservation plus longues peuvent \u00eatre d\u00e9termin\u00e9es pour assurer le respect des obligations l\u00e9gales ou r\u00e9glementaires.<\/p>\t\t\t\t\t\t\t\t<\/div>\n\t\t\t\t<\/div>\n\t\t\t\t<div class=\"elementor-element elementor-element-71abdb7 elementor-widget elementor-widget-heading\" data-id=\"71abdb7\" data-element_type=\"widget\" data-e-type=\"widget\" data-widget_type=\"heading.default\">\n\t\t\t\t<div class=\"elementor-widget-container\">\n\t\t\t\t\t<h2 class=\"elementor-heading-title elementor-size-default\">Conditions G\u00e9n\u00e9rales<\/h2>\t\t\t\t<\/div>\n\t\t\t\t<\/div>\n\t\t\t\t<div class=\"elementor-element elementor-element-052cefb elementor-widget elementor-widget-text-editor\" data-id=\"052cefb\" data-element_type=\"widget\" data-e-type=\"widget\" data-widget_type=\"text-editor.default\">\n\t\t\t\t<div class=\"elementor-widget-container\">\n\t\t\t\t\t\t\t\t\t<p>Consultez l&rsquo;ensemble de nos conditions g\u00e9n\u00e9rales de vente et d&rsquo;utilisation en cliquant sur le bouton ci-dessous.<\/p>\t\t\t\t\t\t\t\t<\/div>\n\t\t\t\t<\/div>\n\t\t\t\t<div class=\"elementor-element elementor-element-3845043 elementor-align-left elementor-widget elementor-widget-button\" data-id=\"3845043\" data-element_type=\"widget\" data-e-type=\"widget\" data-widget_type=\"button.default\">\n\t\t\t\t<div class=\"elementor-widget-container\">\n\t\t\t\t\t\t\t\t\t<div class=\"elementor-button-wrapper\">\n\t\t\t\t\t<a class=\"elementor-button elementor-button-link elementor-size-sm\" href=\"https:\/\/way-partner.com\/en\/conditions-generales\/\">\n\t\t\t\t\t\t<span class=\"elementor-button-content-wrapper\">\n\t\t\t\t\t\t\t\t\t<span class=\"elementor-button-text\">Conditions G\u00e9n\u00e9rales<\/span>\n\t\t\t\t\t<\/span>\n\t\t\t\t\t<\/a>\n\t\t\t\t<\/div>\n\t\t\t\t\t\t\t\t<\/div>\n\t\t\t\t<\/div>\n\t\t\t\t<\/div>\n\t\t<div class=\"elementor-element elementor-element-3b09cb6 e-con-full e-flex e-con e-child\" data-id=\"3b09cb6\" data-element_type=\"container\" data-e-type=\"container\">\n\t\t<div class=\"elementor-element elementor-element-fd17663 e-flex e-con-boxed e-con e-child\" data-id=\"fd17663\" data-element_type=\"container\" data-e-type=\"container\" data-settings=\"{&quot;sticky&quot;:&quot;top&quot;,&quot;sticky_on&quot;:[&quot;desktop&quot;,&quot;laptop&quot;,&quot;tablet_extra&quot;,&quot;tablet&quot;],&quot;sticky_offset&quot;:80,&quot;sticky_parent&quot;:&quot;yes&quot;,&quot;sticky_effects_offset&quot;:0,&quot;sticky_anchor_link_offset&quot;:0}\">\n\t\t\t\t\t<div class=\"e-con-inner\">\n\t\t\t\t<div class=\"elementor-element elementor-element-33db0d2 elementor-widget elementor-widget-heading\" data-id=\"33db0d2\" data-element_type=\"widget\" data-e-type=\"widget\" data-widget_type=\"heading.default\">\n\t\t\t\t<div class=\"elementor-widget-container\">\n\t\t\t\t\t<h2 class=\"elementor-heading-title elementor-size-default\">Demander l'acc\u00e8s ou la suppression de vos donn\u00e9es<\/h2>\t\t\t\t<\/div>\n\t\t\t\t<\/div>\n\t\t\t\t<div class=\"elementor-element elementor-element-2712876 elementor-button-align-stretch elementor-widget elementor-widget-form\" data-id=\"2712876\" data-element_type=\"widget\" data-e-type=\"widget\" data-settings=\"{&quot;step_next_label&quot;:&quot;Suivant&quot;,&quot;step_previous_label&quot;:&quot;Pr\\u00e9c\\u00e9dent&quot;,&quot;button_width&quot;:&quot;100&quot;,&quot;step_type&quot;:&quot;number_text&quot;,&quot;step_icon_shape&quot;:&quot;circle&quot;}\" data-widget_type=\"form.default\">\n\t\t\t\t<div class=\"elementor-widget-container\">\n\t\t\t\t\t\t\t<form class=\"elementor-form\" method=\"post\" name=\"Donn\u00e9es personnelles\" aria-label=\"Donn\u00e9es personnelles\">\n\t\t\t<input type=\"hidden\" name=\"post_id\" value=\"227966\"\/>\n\t\t\t<input type=\"hidden\" name=\"form_id\" value=\"2712876\"\/>\n\t\t\t<input type=\"hidden\" name=\"referer_title\" value=\"Donn\u00e9es personnelles - WAY-Partner\" \/>\n\n\t\t\t\t\t\t\t<input type=\"hidden\" name=\"queried_id\" value=\"227966\"\/>\n\t\t\t\n\t\t\t<div class=\"elementor-form-fields-wrapper elementor-labels-above\">\n\t\t\t\t\t\t\t\t<div class=\"elementor-field-type-email elementor-field-group elementor-column elementor-field-group-field_eee1f89 elementor-col-50 elementor-field-required elementor-mark-required\">\n\t\t\t\t\t\t\t\t\t\t\t\t<label for=\"form-field-field_eee1f89\" class=\"elementor-field-label\">\n\t\t\t\t\t\t\t\tE-mail\t\t\t\t\t\t\t<\/label>\n\t\t\t\t\t\t\t\t\t\t\t\t\t\t<input size=\"1\" type=\"email\" name=\"form_fields[field_eee1f89]\" id=\"form-field-field_eee1f89\" class=\"elementor-field elementor-size-sm  elementor-field-textual\" placeholder=\"E-mail\" required=\"required\">\n\t\t\t\t\t\t\t\t\t\t\t<\/div>\n\t\t\t\t\t\t\t\t<div class=\"elementor-field-type-select elementor-field-group elementor-column elementor-field-group-objet elementor-col-50 elementor-field-required elementor-mark-required\">\n\t\t\t\t\t\t\t\t\t\t\t\t<label for=\"form-field-objet\" class=\"elementor-field-label\">\n\t\t\t\t\t\t\t\tObjet\t\t\t\t\t\t\t<\/label>\n\t\t\t\t\t\t\t\t<div class=\"elementor-field elementor-select-wrapper remove-before \">\n\t\t\t<div class=\"select-caret-down-wrapper\">\n\t\t\t\t<svg aria-hidden=\"true\" class=\"e-font-icon-svg e-eicon-caret-down\" viewBox=\"0 0 571.4 571.4\" xmlns=\"http:\/\/www.w3.org\/2000\/svg\"><path d=\"M571 393Q571 407 561 418L311 668Q300 679 286 679T261 668L11 418Q0 407 0 393T11 368 36 357H536Q550 357 561 368T571 393Z\"><\/path><\/svg>\t\t\t<\/div>\n\t\t\t<select name=\"form_fields[objet]\" id=\"form-field-objet\" class=\"elementor-field-textual elementor-size-sm\" required=\"required\">\n\t\t\t\t\t\t\t\t\t<option value=\"Acc\u00e9der \u00e0 mes donn\u00e9es personnelles\" selected=\"selected\">Acc\u00e9der \u00e0 mes donn\u00e9es personnelles<\/option>\n\t\t\t\t\t\t\t\t\t<option value=\"Supprimer mes donn\u00e9es personnelles\">Supprimer mes donn\u00e9es personnelles<\/option>\n\t\t\t\t\t\t\t<\/select>\n\t\t<\/div>\n\t\t\t\t\t\t<\/div>\n\t\t\t\t\t\t\t\t<div class=\"elementor-field-type-textarea elementor-field-group elementor-column elementor-field-group-message elementor-col-100 elementor-field-required elementor-mark-required\">\n\t\t\t\t\t\t\t\t\t\t\t\t<label for=\"form-field-message\" class=\"elementor-field-label\">\n\t\t\t\t\t\t\t\tMessage\t\t\t\t\t\t\t<\/label>\n\t\t\t\t\t\t<textarea class=\"elementor-field-textual elementor-field  elementor-size-sm\" name=\"form_fields[message]\" id=\"form-field-message\" rows=\"4\" placeholder=\"Message\" required=\"required\"><\/textarea>\t\t\t\t<\/div>\n\t\t\t\t\t\t\t\t<div class=\"elementor-field-type-recaptcha_v3 elementor-field-group elementor-column elementor-field-group-field_0f40b94 elementor-col-100 recaptcha_v3-bottomright\">\n\t\t\t\t\t<div class=\"elementor-field\" id=\"form-field-field_0f40b94\"><div class=\"elementor-g-recaptcha\" data-sitekey=\"6Ldni0seAAAAAJDGDEKs6wnALrl62vAwRX5NaL_O\" data-type=\"v3\" data-action=\"Form\" data-badge=\"bottomright\" data-size=\"invisible\"><\/div><\/div>\t\t\t\t<\/div>\n\t\t\t\t\t\t\t\t<div class=\"elementor-field-group elementor-column elementor-field-type-submit elementor-col-100 e-form__buttons\">\n\t\t\t\t\t<button class=\"elementor-button elementor-size-sm\" type=\"submit\">\n\t\t\t\t\t\t<span class=\"elementor-button-content-wrapper\">\n\t\t\t\t\t\t\t\t\t\t\t\t\t\t\t\t\t\t\t\t\t\t<span class=\"elementor-button-text\">Envoyer<\/span>\n\t\t\t\t\t\t\t\t\t\t\t\t\t<\/span>\n\t\t\t\t\t<\/button>\n\t\t\t\t<\/div>\n\t\t\t<\/div>\n\t\t<\/form>\n\t\t\t\t\t\t<\/div>\n\t\t\t\t<\/div>\n\t\t\t\t\t<\/div>\n\t\t\t\t<\/div>\n\t\t\t\t<\/div>\n\t\t\t\t\t<\/div>\n\t\t\t\t<\/div>\n\t\t\t\t<\/div>\n\t\t\t\t\t<\/div>\n\t\t\t\t<\/div>\n\t\t\t\t<\/div>\n\t\t","protected":false},"excerpt":{"rendered":"<p>Donn\u00e9es personnelles Vous pouvez demander un acc\u00e8s ou la suppression de vos donn\u00e9es personnelles li\u00e9es \u00e0 votre utilisation de WAY-Partner \u00e0 tout moment. A propos de vos donn\u00e9es Cat\u00e9gories de donn\u00e9es trait\u00e9es et source L\u2019utilisation des fonctionnalit\u00e9s requiert la cr\u00e9ation d\u2019un compte utilisateur ainsi que la collecte de donn\u00e9es \u00e0 caract\u00e8re personnel concernant l\u2019utilisateur et [&hellip;]<\/p>\n","protected":false},"author":1,"featured_media":408511,"parent":0,"menu_order":0,"comment_status":"closed","ping_status":"closed","template":"","meta":{"_acf_changed":false,"content-type":"","footnotes":""},"class_list":["post-227966","page","type-page","status-publish","has-post-thumbnail","hentry"],"acf":[],"yoast_head":"<!-- This site is optimized with the Yoast SEO plugin v27.3 - https:\/\/yoast.com\/product\/yoast-seo-wordpress\/ -->\n<title>Donn\u00e9es personnelles - WAY-Partner<\/title>\n<meta name=\"description\" content=\"Vos donn\u00e9es personnelles sont entre de bonnes mains. WAY-Partner vous informe sur leur traitement, stockage et protection.\" \/>\n<meta name=\"robots\" content=\"index, follow, max-snippet:-1, max-image-preview:large, max-video-preview:-1\" \/>\n<link rel=\"canonical\" href=\"https:\/\/way-partner.com\/en\/personal-data\/\" \/>\n<meta property=\"og:locale\" content=\"en_GB\" \/>\n<meta property=\"og:type\" content=\"article\" \/>\n<meta property=\"og:title\" content=\"Donn\u00e9es personnelles - WAY-Partner\" \/>\n<meta property=\"og:description\" content=\"Vos donn\u00e9es personnelles sont entre de bonnes mains. WAY-Partner vous informe sur leur traitement, stockage et protection.\" \/>\n<meta property=\"og:url\" content=\"https:\/\/way-partner.com\/en\/personal-data\/\" \/>\n<meta property=\"og:site_name\" content=\"WAY-Partner\" \/>\n<meta property=\"article:modified_time\" content=\"2025-05-13T14:35:40+00:00\" \/>\n<meta property=\"og:image\" content=\"https:\/\/way-partner.com\/wp-content\/uploads\/2024\/11\/logo.png\" \/>\n\t<meta property=\"og:image:width\" content=\"1024\" \/>\n\t<meta property=\"og:image:height\" content=\"1024\" \/>\n\t<meta property=\"og:image:type\" content=\"image\/png\" \/>\n<meta name=\"twitter:card\" content=\"summary_large_image\" \/>\n<meta name=\"twitter:label1\" content=\"Estimated reading time\" \/>\n\t<meta name=\"twitter:data1\" content=\"3 minutes\" \/>\n<script type=\"application\/ld+json\" class=\"yoast-schema-graph\">{\"@context\":\"https:\\\/\\\/schema.org\",\"@graph\":[{\"@type\":\"WebPage\",\"@id\":\"https:\\\/\\\/way-partner.com\\\/donnees-personnelles\\\/\",\"url\":\"https:\\\/\\\/way-partner.com\\\/donnees-personnelles\\\/\",\"name\":\"Donn\u00e9es personnelles - WAY-Partner\",\"isPartOf\":{\"@id\":\"https:\\\/\\\/way-partner.com\\\/#website\"},\"primaryImageOfPage\":{\"@id\":\"https:\\\/\\\/way-partner.com\\\/donnees-personnelles\\\/#primaryimage\"},\"image\":{\"@id\":\"https:\\\/\\\/way-partner.com\\\/donnees-personnelles\\\/#primaryimage\"},\"thumbnailUrl\":\"https:\\\/\\\/way-partner.com\\\/wp-content\\\/uploads\\\/2024\\\/11\\\/logo.png\",\"datePublished\":\"2024-05-15T12:35:50+00:00\",\"dateModified\":\"2025-05-13T14:35:40+00:00\",\"description\":\"Vos donn\u00e9es personnelles sont entre de bonnes mains. WAY-Partner vous informe sur leur traitement, stockage et protection.\",\"inLanguage\":\"en-GB\",\"potentialAction\":[{\"@type\":\"ReadAction\",\"target\":[\"https:\\\/\\\/way-partner.com\\\/donnees-personnelles\\\/\"]}]},{\"@type\":\"ImageObject\",\"inLanguage\":\"en-GB\",\"@id\":\"https:\\\/\\\/way-partner.com\\\/donnees-personnelles\\\/#primaryimage\",\"url\":\"https:\\\/\\\/way-partner.com\\\/wp-content\\\/uploads\\\/2024\\\/11\\\/logo.png\",\"contentUrl\":\"https:\\\/\\\/way-partner.com\\\/wp-content\\\/uploads\\\/2024\\\/11\\\/logo.png\",\"width\":1024,\"height\":1024,\"caption\":\"logo\"},{\"@type\":\"WebSite\",\"@id\":\"https:\\\/\\\/way-partner.com\\\/#website\",\"url\":\"https:\\\/\\\/way-partner.com\\\/\",\"name\":\"WAY-Partner\",\"description\":\"L&#039;app des chauffeurs ind\u00e9pendants de WAYNIUM\",\"publisher\":{\"@id\":\"https:\\\/\\\/way-partner.com\\\/#organization\"},\"potentialAction\":[{\"@type\":\"SearchAction\",\"target\":{\"@type\":\"EntryPoint\",\"urlTemplate\":\"https:\\\/\\\/way-partner.com\\\/?s={search_term_string}\"},\"query-input\":{\"@type\":\"PropertyValueSpecification\",\"valueRequired\":true,\"valueName\":\"search_term_string\"}}],\"inLanguage\":\"en-GB\"},{\"@type\":\"Organization\",\"@id\":\"https:\\\/\\\/way-partner.com\\\/#organization\",\"name\":\"WAY-Partner\",\"url\":\"https:\\\/\\\/way-partner.com\\\/\",\"logo\":{\"@type\":\"ImageObject\",\"inLanguage\":\"en-GB\",\"@id\":\"https:\\\/\\\/way-partner.com\\\/#\\\/schema\\\/logo\\\/image\\\/\",\"url\":\"https:\\\/\\\/way-partner.com\\\/wp-content\\\/uploads\\\/2026\\\/01\\\/favicon.png\",\"contentUrl\":\"https:\\\/\\\/way-partner.com\\\/wp-content\\\/uploads\\\/2026\\\/01\\\/favicon.png\",\"width\":512,\"height\":512,\"caption\":\"WAY-Partner\"},\"image\":{\"@id\":\"https:\\\/\\\/way-partner.com\\\/#\\\/schema\\\/logo\\\/image\\\/\"}}]}<\/script>\n<!-- \/ Yoast SEO plugin. -->","yoast_head_json":{"title":"Personal data - WAY-Partner","description":"Your personal data is in safe hands. WAY-Partner informs you about the processing, storage and protection of your personal data.","robots":{"index":"index","follow":"follow","max-snippet":"max-snippet:-1","max-image-preview":"max-image-preview:large","max-video-preview":"max-video-preview:-1"},"canonical":"https:\/\/way-partner.com\/en\/personal-data\/","og_locale":"en_GB","og_type":"article","og_title":"Donn\u00e9es personnelles - WAY-Partner","og_description":"Vos donn\u00e9es personnelles sont entre de bonnes mains. WAY-Partner vous informe sur leur traitement, stockage et protection.","og_url":"https:\/\/way-partner.com\/en\/personal-data\/","og_site_name":"WAY-Partner","article_modified_time":"2025-05-13T14:35:40+00:00","og_image":[{"width":1024,"height":1024,"url":"https:\/\/way-partner.com\/wp-content\/uploads\/2024\/11\/logo.png","type":"image\/png"}],"twitter_card":"summary_large_image","twitter_misc":{"Estimated reading time":"3 minutes"},"schema":{"@context":"https:\/\/schema.org","@graph":[{"@type":"WebPage","@id":"https:\/\/way-partner.com\/donnees-personnelles\/","url":"https:\/\/way-partner.com\/donnees-personnelles\/","name":"Personal data - WAY-Partner","isPartOf":{"@id":"https:\/\/way-partner.com\/#website"},"primaryImageOfPage":{"@id":"https:\/\/way-partner.com\/donnees-personnelles\/#primaryimage"},"image":{"@id":"https:\/\/way-partner.com\/donnees-personnelles\/#primaryimage"},"thumbnailUrl":"https:\/\/way-partner.com\/wp-content\/uploads\/2024\/11\/logo.png","datePublished":"2024-05-15T12:35:50+00:00","dateModified":"2025-05-13T14:35:40+00:00","description":"Your personal data is in safe hands. WAY-Partner informs you about the processing, storage and protection of your personal data.","inLanguage":"en-GB","potentialAction":[{"@type":"ReadAction","target":["https:\/\/way-partner.com\/donnees-personnelles\/"]}]},{"@type":"ImageObject","inLanguage":"en-GB","@id":"https:\/\/way-partner.com\/donnees-personnelles\/#primaryimage","url":"https:\/\/way-partner.com\/wp-content\/uploads\/2024\/11\/logo.png","contentUrl":"https:\/\/way-partner.com\/wp-content\/uploads\/2024\/11\/logo.png","width":1024,"height":1024,"caption":"logo"},{"@type":"WebSite","@id":"https:\/\/way-partner.com\/#website","url":"https:\/\/way-partner.com\/","name":"WAY-Partner","description":"The WAYNIUM app for self-employed drivers","publisher":{"@id":"https:\/\/way-partner.com\/#organization"},"potentialAction":[{"@type":"SearchAction","target":{"@type":"EntryPoint","urlTemplate":"https:\/\/way-partner.com\/?s={search_term_string}"},"query-input":{"@type":"PropertyValueSpecification","valueRequired":true,"valueName":"search_term_string"}}],"inLanguage":"en-GB"},{"@type":"Organization","@id":"https:\/\/way-partner.com\/#organization","name":"WAY-Partner","url":"https:\/\/way-partner.com\/","logo":{"@type":"ImageObject","inLanguage":"en-GB","@id":"https:\/\/way-partner.com\/#\/schema\/logo\/image\/","url":"https:\/\/way-partner.com\/wp-content\/uploads\/2026\/01\/favicon.png","contentUrl":"https:\/\/way-partner.com\/wp-content\/uploads\/2026\/01\/favicon.png","width":512,"height":512,"caption":"WAY-Partner"},"image":{"@id":"https:\/\/way-partner.com\/#\/schema\/logo\/image\/"}}]}},"_links":{"self":[{"href":"https:\/\/way-partner.com\/en\/wp-json\/wp\/v2\/pages\/227966","targetHints":{"allow":["GET"]}}],"collection":[{"href":"https:\/\/way-partner.com\/en\/wp-json\/wp\/v2\/pages"}],"about":[{"href":"https:\/\/way-partner.com\/en\/wp-json\/wp\/v2\/types\/page"}],"author":[{"embeddable":true,"href":"https:\/\/way-partner.com\/en\/wp-json\/wp\/v2\/users\/1"}],"replies":[{"embeddable":true,"href":"https:\/\/way-partner.com\/en\/wp-json\/wp\/v2\/comments?post=227966"}],"version-history":[{"count":20,"href":"https:\/\/way-partner.com\/en\/wp-json\/wp\/v2\/pages\/227966\/revisions"}],"predecessor-version":[{"id":648763,"href":"https:\/\/way-partner.com\/en\/wp-json\/wp\/v2\/pages\/227966\/revisions\/648763"}],"wp:featuredmedia":[{"embeddable":true,"href":"https:\/\/way-partner.com\/en\/wp-json\/wp\/v2\/media\/408511"}],"wp:attachment":[{"href":"https:\/\/way-partner.com\/en\/wp-json\/wp\/v2\/media?parent=227966"}],"curies":[{"name":"wp","href":"https:\/\/api.w.org\/{rel}","templated":true}]}}